{"id":5902,"date":"2021-02-06T01:36:25","date_gmt":"2021-02-05T22:36:25","guid":{"rendered":"https:\/\/pectinworld.com\/%d1%8d%d0%ba%d1%81%d0%bf%d0%b5%d1%80%d1%82%d0%b8%d0%b7%d0%b0-%d0%b8%d1%81%d1%81%d0%bb%d0%b5%d0%b4%d0%be%d0%b2%d0%b0%d0%bd%d0%b8%d0%b9\/"},"modified":"2023-09-01T22:32:41","modified_gmt":"2023-09-01T19:32:41","slug":"registro-ruso-de-tecnologia","status":"publish","type":"page","link":"https:\/\/pectinworld.com\/es\/registro-ruso-de-tecnologia\/","title":{"rendered":"Registro ruso de tecnolog\u00eda para la obtenci\u00f3n de fibra diet\u00e9tica y resultados de investigaci\u00f3n. TU 9112-001-05122481-02 (fibra diet\u00e9tica) seg\u00fan la tecnolog\u00eda de Ignatieva G.N."},"content":{"rendered":"<p>[et_pb_section fb_built=\u00bb1&#8243; admin_label=\u00bbsection\u00bb _builder_version=\u00bb4.16&#8243; global_colors_info=\u00bb{}\u00bb][et_pb_row admin_label=\u00bbrow\u00bb _builder_version=\u00bb4.16&#8243; background_size=\u00bbinitial\u00bb background_position=\u00bbtop_left\u00bb background_repeat=\u00bbrepeat\u00bb global_colors_info=\u00bb{}\u00bb][et_pb_column type=\u00bb4_4&#8243; _builder_version=\u00bb4.16&#8243; custom_padding=\u00bb|||\u00bb global_colors_info=\u00bb{}\u00bb custom_padding__hover=\u00bb|||\u00bb][et_pb_code _builder_version=\u00bb4.22.1&#8243; _module_preset=\u00bbdefault\u00bb hover_enabled=\u00bb0&#8243; sticky_enabled=\u00bb0&#8243;]<\/p>\n<div itemscope itemtype=\"https:\/\/schema.org\/Person\"><!-- [et_pb_line_break_holder] --><a itemprop=\"sameAs\" content=\"ORCID - Galina Ignatyeva\" href=\"https:\/\/orcid.org\/0000-0001-8828-7816\" target=\"orcid.widget\" rel=\"me noopener noreferrer\" style=\"vertical-align:top;\"><!-- [et_pb_line_break_holder] --><img decoding=\"async\" src=\"https:\/\/orcid.org\/sites\/default\/files\/images\/orcid_16x16.png\" style=\"width:1em;margin-right:.5em;\" alt=\"ORCID iD icon\"><!-- [et_pb_line_break_holder] -->ORCID &#8211; Galina Ignatyeva<\/a><\/div>\n<p>[\/et_pb_code][et_pb_text admin_label=\u00bb\u0422\u0435\u043a\u0441\u0442\u00bb _builder_version=\u00bb4.22.1&#8243; hover_enabled=\u00bb0&#8243; border_style=\u00bbsolid\u00bb global_colors_info=\u00bb{}\u00bb sticky_enabled=\u00bb0&#8243;]<\/p>\n<h2 style=\"text-align: center;\">Registro ruso de tecnolog\u00eda para la obtenci\u00f3n de fibra diet\u00e9tica y resultados de investigaci\u00f3n. TU 9112-001-05122481-02 (fibra diet\u00e9tica) seg\u00fan la tecnolog\u00eda de Ignatieva G.N.<\/h2>\n<p>&nbsp;<\/p>\n<p style=\"text-align: right;\"><a href=\"https:\/\/pectinworld.com\/wp-content\/uploads\/2023\/09\/Expertise-research-results.pdf\" target=\"_blank\" rel=\"noopener\">Ver documento en ruso<\/a><\/p>\n<div id=\"gtx-trans\" style=\"position: absolute; left: 148px; top: 95.8125px;\">\n<div class=\"gtx-trans-icon\">\u00a0<\/div>\n<\/div>\n<p>[\/et_pb_text][\/et_pb_column][\/et_pb_row][et_pb_row _builder_version=\u00bb4.18.0&#8243; _module_preset=\u00bbdefault\u00bb global_colors_info=\u00bb{}\u00bb][et_pb_column type=\u00bb4_4&#8243; _builder_version=\u00bb4.18.0&#8243; _module_preset=\u00bbdefault\u00bb global_colors_info=\u00bb{}\u00bb][et_pb_code _builder_version=\u00bb4.18.0&#8243; _module_preset=\u00bbdefault\u00bb global_colors_info=\u00bb{}\u00bb]<!-- Yandex.RTB R-A-1961663-3 --><!-- [et_pb_line_break_holder] --><\/p>\n<div id=\"yandex_rtb_R-A-1961663-3\"><\/div>\n<p><!-- [et_pb_line_break_holder] --><script>window.yaContextCb.push(()=>{<!-- [et_pb_line_break_holder] -->  Ya.Context.AdvManager.render({<!-- [et_pb_line_break_holder] -->    renderTo: 'yandex_rtb_R-A-1961663-3',<!-- [et_pb_line_break_holder] -->    blockId: 'R-A-1961663-3'<!-- [et_pb_line_break_holder] -->  })<!-- [et_pb_line_break_holder] -->})<\/script>[\/et_pb_code][\/et_pb_column][\/et_pb_row][\/et_pb_section]<\/p>\n","protected":false},"excerpt":{"rendered":"<p>ORCID &#8211; Galina Ignatyeva Registro ruso de tecnolog\u00eda&#8230;<\/p>\n","protected":false},"author":1,"featured_media":0,"parent":0,"menu_order":0,"comment_status":"closed","ping_status":"closed","template":"","meta":{"_et_pb_use_builder":"on","_et_pb_old_content":"","_et_gb_content_width":"","footnotes":""},"class_list":["post-5902","page","type-page","status-publish"],"_links":{"self":[{"href":"https:\/\/pectinworld.com\/es\/wp-json\/wp\/v2\/pages\/5902","targetHints":{"allow":["GET"]}}],"collection":[{"href":"https:\/\/pectinworld.com\/es\/wp-json\/wp\/v2\/pages"}],"about":[{"href":"https:\/\/pectinworld.com\/es\/wp-json\/wp\/v2\/types\/page"}],"author":[{"embeddable":true,"href":"https:\/\/pectinworld.com\/es\/wp-json\/wp\/v2\/users\/1"}],"replies":[{"embeddable":true,"href":"https:\/\/pectinworld.com\/es\/wp-json\/wp\/v2\/comments?post=5902"}],"version-history":[{"count":5,"href":"https:\/\/pectinworld.com\/es\/wp-json\/wp\/v2\/pages\/5902\/revisions"}],"predecessor-version":[{"id":6712,"href":"https:\/\/pectinworld.com\/es\/wp-json\/wp\/v2\/pages\/5902\/revisions\/6712"}],"wp:attachment":[{"href":"https:\/\/pectinworld.com\/es\/wp-json\/wp\/v2\/media?parent=5902"}],"curies":[{"name":"wp","href":"https:\/\/api.w.org\/{rel}","templated":true}]}}