{"id":5811,"date":"2022-10-02T16:47:50","date_gmt":"2022-10-02T13:47:50","guid":{"rendered":"https:\/\/pectinworld.com\/tratamiento-del-dolor-irruptivo-y-pectina\/"},"modified":"2022-10-02T17:40:57","modified_gmt":"2022-10-02T14:40:57","slug":"tratamiento-del-dolor-irruptivo-y-pectina","status":"publish","type":"page","link":"https:\/\/pectinworld.com\/es\/tratamiento-del-dolor-irruptivo-y-pectina\/","title":{"rendered":"Tratamiento del dolor irruptivo y pectina"},"content":{"rendered":"<p>[et_pb_section fb_built=\u00bb1&#8243; _builder_version=\u00bb4.16&#8243; global_colors_info=\u00bb{}\u00bb][et_pb_row _builder_version=\u00bb4.16&#8243; global_colors_info=\u00bb{}\u00bb][et_pb_column type=\u00bb4_4&#8243; _builder_version=\u00bb4.16&#8243; global_colors_info=\u00bb{}\u00bb][et_pb_code _builder_version=\u00bb4.18.0&#8243; _module_preset=\u00bbdefault\u00bb global_colors_info=\u00bb{}\u00bb]<\/p>\n<div itemscope itemtype=\"https:\/\/schema.org\/Person\"><a itemprop=\"sameAs\" content=\"ORCID - Galina Ignatyeva\" href=\"https:\/\/orcid.org\/0000-0001-8828-7816\" target=\"orcid.widget\" rel=\"me noopener noreferrer\" style=\"vertical-align:top;\"><img decoding=\"async\" src=\"https:\/\/orcid.org\/sites\/default\/files\/images\/orcid_16x16.png\" style=\"width:1em;margin-right:.5em;\" alt=\"ORCID iD icon\">ORCID &#8211; Galina Ignatyeva<\/a><\/div>\n<p>[\/et_pb_code][et_pb_text _builder_version=\u00bb4.18.0&#8243; global_colors_info=\u00bb{}\u00bb]<\/p>\n<h2 style=\"text-align: center;\"><strong>Tratamiento del dolor irruptivo y pectina<\/strong><\/h2>\n<p>&nbsp;<\/p>\n<p>El dolor irruptivo oncol\u00f3gico es un dolor transitorio, de corta duraci\u00f3n (generalmente menos de 60 min), que alcanza su m\u00e1xima intensidad en 15 min y aparece a pesar de un adecuado tratamiento del dolor basal con analgesia pautada a horas fijas. Estos episodios de dolor irruptivo oncol\u00f3gico se tratan con medicaci\u00f3n ?de rescate?. Debido a sus caracter\u00edsticas cl\u00ednicas y a la intensidad de los episodios, el f\u00e1rmaco ideal para su tratamiento ser\u00eda un opioide de inicio r\u00e1pido, corta duraci\u00f3n del efecto y pocos efectos secundarios. Tradicionalmente, en esta situaci\u00f3n se han utilizado los opioides de liberaci\u00f3n r\u00e1pida administrados por v\u00eda oral. Sin embargo, las nuevas formulaciones de fentanilo, que se absorben de forma r\u00e1pida a trav\u00e9s de las mucosas (oral e intranasal) parecen adaptarse mejor al patr\u00f3n temporal de los episodios de dolor irruptivo oncol\u00f3gico.<br \/>Hemos estudiado este dolor oncol\u00f3gico dif\u00edcil de controlar y el papel del fentanilo intranasal con pectina. El \u00e9xito en el manejo de los episodios de dolor irruptivo depender\u00e1 de unas adecuadas identificaci\u00f3n y evaluaci\u00f3n. Ballester Navarro I, Garc\u00eda Adri\u00e1n S. 2015. Medicina Paliativa. 22(Supl.1): p.15-19.<\/p>\n<p>[\/et_pb_text][et_pb_text _builder_version=\u00bb4.18.0&#8243; hover_enabled=\u00bb0&#8243; global_colors_info=\u00bb{}\u00bb sticky_enabled=\u00bb0&#8243;]<\/p>\n<p style=\"text-align: right;\"><a href=\"https:\/\/pectinworld.com\/wp-content\/uploads\/2022\/10\/Dexmedetomidina-versus-lidocaina.pdf\" target=\"_blank\" rel=\"noopener\">Dexmedetomidina versus lidoca\u00edna endovenosa en el tratamiento del dolor irruptivo y la funcionalidad en pacientes con canal lumbar estrecho<\/a><\/p>\n<p style=\"text-align: right;\"><a href=\"https:\/\/pectinworld.com\/wp-content\/uploads\/2022\/10\/Tratamiento-del-dolor-irruptivo.pdf\" target=\"_blank\" rel=\"noopener\">Tratamiento del dolor irruptivo<\/a><\/p>\n<p>[\/et_pb_text][et_pb_code _builder_version=\u00bb4.18.0&#8243; _module_preset=\u00bbdefault\u00bb global_colors_info=\u00bb{}\u00bb]<!-- Yandex.RTB R-A-1961663-3 --><!-- [et_pb_line_break_holder] --><\/p>\n<div id=\"yandex_rtb_R-A-1961663-3\"><\/div>\n<p><!-- [et_pb_line_break_holder] --><script>window.yaContextCb.push(()=>{<!-- [et_pb_line_break_holder] -->  Ya.Context.AdvManager.render({<!-- [et_pb_line_break_holder] -->    renderTo: 'yandex_rtb_R-A-1961663-3',<!-- [et_pb_line_break_holder] -->    blockId: 'R-A-1961663-3'<!-- [et_pb_line_break_holder] -->  })<!-- [et_pb_line_break_holder] -->})<\/script>[\/et_pb_code][\/et_pb_column][\/et_pb_row][\/et_pb_section]<\/p>\n","protected":false},"excerpt":{"rendered":"<p>ORCID &#8211; Galina Ignatyeva Tratamiento del dolor&#8230;<\/p>\n","protected":false},"author":1,"featured_media":0,"parent":0,"menu_order":0,"comment_status":"closed","ping_status":"closed","template":"","meta":{"_et_pb_use_builder":"on","_et_pb_old_content":"","_et_gb_content_width":"","footnotes":""},"class_list":["post-5811","page","type-page","status-publish"],"_links":{"self":[{"href":"https:\/\/pectinworld.com\/es\/wp-json\/wp\/v2\/pages\/5811","targetHints":{"allow":["GET"]}}],"collection":[{"href":"https:\/\/pectinworld.com\/es\/wp-json\/wp\/v2\/pages"}],"about":[{"href":"https:\/\/pectinworld.com\/es\/wp-json\/wp\/v2\/types\/page"}],"author":[{"embeddable":true,"href":"https:\/\/pectinworld.com\/es\/wp-json\/wp\/v2\/users\/1"}],"replies":[{"embeddable":true,"href":"https:\/\/pectinworld.com\/es\/wp-json\/wp\/v2\/comments?post=5811"}],"version-history":[{"count":2,"href":"https:\/\/pectinworld.com\/es\/wp-json\/wp\/v2\/pages\/5811\/revisions"}],"predecessor-version":[{"id":5824,"href":"https:\/\/pectinworld.com\/es\/wp-json\/wp\/v2\/pages\/5811\/revisions\/5824"}],"wp:attachment":[{"href":"https:\/\/pectinworld.com\/es\/wp-json\/wp\/v2\/media?parent=5811"}],"curies":[{"name":"wp","href":"https:\/\/api.w.org\/{rel}","templated":true}]}}