{"id":3576,"date":"2019-03-03T19:48:11","date_gmt":"2019-03-03T16:48:11","guid":{"rendered":"http:\/\/pectinworld.com\/oferta-zumo-de-caqui\/"},"modified":"2023-09-02T20:33:00","modified_gmt":"2023-09-02T17:33:00","slug":"oferta-zumo-de-caqui","status":"publish","type":"page","link":"https:\/\/pectinworld.com\/es\/oferta-zumo-de-caqui\/","title":{"rendered":"Propuesta para la creaci\u00f3n de la producci\u00f3n de jugo de caqui"},"content":{"rendered":"<p>[et_pb_section fb_built=\u00bb1&#8243; _builder_version=\u00bb4.16&#8243; global_colors_info=\u00bb{}\u00bb][et_pb_row _builder_version=\u00bb4.16&#8243; background_size=\u00bbinitial\u00bb background_position=\u00bbtop_left\u00bb background_repeat=\u00bbrepeat\u00bb global_colors_info=\u00bb{}\u00bb][et_pb_column type=\u00bb4_4&#8243; _builder_version=\u00bb4.16&#8243; custom_padding=\u00bb|||\u00bb global_colors_info=\u00bb{}\u00bb custom_padding__hover=\u00bb|||\u00bb][et_pb_code _builder_version=\u00bb4.22.1&#8243; _module_preset=\u00bbdefault\u00bb hover_enabled=\u00bb0&#8243; sticky_enabled=\u00bb0&#8243;]<\/p>\n<div itemscope itemtype=\"https:\/\/schema.org\/Person\"><!-- [et_pb_line_break_holder] --><a itemprop=\"sameAs\" content=\"ORCID - Galina Ignatyeva\" href=\"https:\/\/orcid.org\/0000-0001-8828-7816\" target=\"orcid.widget\" rel=\"me noopener noreferrer\" style=\"vertical-align:top;\"><!-- [et_pb_line_break_holder] --><img decoding=\"async\" src=\"https:\/\/orcid.org\/sites\/default\/files\/images\/orcid_16x16.png\" style=\"width:1em;margin-right:.5em;\" alt=\"ORCID iD icon\"><!-- [et_pb_line_break_holder] -->ORCID &#8211; Galina Ignatyeva<\/a><\/div>\n<p>[\/et_pb_code][et_pb_text _builder_version=\u00bb4.16&#8243; global_colors_info=\u00bb{}\u00bb]<\/p>\n<h2 style=\"text-align: center;\">Propuesta para la creaci\u00f3n de la producci\u00f3n de jugo de caqui<\/h2>\n<ol>\n<li>En nuestra reuni\u00f3n, me informaron que su producto, como el jugo, tiene algunos problemas. El jugo de caqui tiene alguna cristalizaci\u00f3n.<\/li>\n<li>Las muestras obtenidas corresponden a jugos clarificados de caqui.<\/li>\n<li>Las propiedades organol\u00e9pticas de las muestras fueron significativamente m\u00e1s destruidas con tratamientos muy duros, por lo que las muestras no tienen propiedades organol\u00e9pticas correspondientes a medios organol\u00e9pticos de origen frutal.<\/li>\n<li>Los tratamientos no tienen en cuenta la qu\u00edmica de origen, por lo que el producto final lleva la cristalizaci\u00f3n.<\/li>\n<li>La mayor parte de la clase de az\u00facares.<\/li>\n<li>Hay oportunidades para resolver este problema cambiando algunas condiciones del tratamiento con enzimas.<\/li>\n<li>Puedo resolver este problema, tambi\u00e9n aumentar las propiedades organol\u00e9pticas del jugo clarificado final bajo un contrato temporal o bajo otros acuerdos.<\/li>\n<li>Tambi\u00e9n quiero presentar algunas fotos de jugo de caqui y jugo clarificado de caqui para procedimientos suaves. Todos son productos industriales.<\/li>\n<li>Seg\u00fan la tecnolog\u00eda se produce el concentrado con alta turbidez y con baja pulpa de caqui. Producto tiene entre un 17-40\u00a0\u00baBrix; 9700-10500 FNU de\u00a0turbidez o m\u00e1s; 4,5-6,0\u00a0pH; 2,0-3,2 mmol\u00a0Trolox(ABTS) de capacidad antioxidante; 10-15 ABS<sub>580<\/sub>; 0,2-1\u00a0% de \u00e1cidez; 0,4-2,0\u00a0% pulpa; 0,03-0,05\u00a0% de pectinas con 40-66\u00a0% de grado esterificaci\u00f3n; 100-140\u00a0ppm\u00a0de bioflavanoides. El\u00a0color\u00a0del zumo, concentrado alta turbidez y baja pulpa de caqui L* de 19 a 47, a*\u00a0de -1 a 16, b* de 7 a 50.<\/li>\n<\/ol>\n<p>Simult\u00e1neamente, se permite una producci\u00f3n el concentrado semiclarificado, clarificado de caqui, que tiene entre un 15-19\u00a0<strong>\u00ba<\/strong>Brix; 0,17-0,25\u00a0% de acidez; 0% de pulpa; 100-300 ppm de bioflavanoides; 40-70\u00a0% y 90-100\u00a0% de transmitancia. El\u00a0color del zumo semiclarificado y clarificado de caqui es: L* de 25 a 30, a*\u00a0de 1,5 a 3, b* de 9,9 a 16. La determinaci\u00f3n de \u00e1cidos org\u00e1nicos y az\u00facares en el zumo de caqui clarificado se llev\u00f3 a cabo por cromatograf\u00eda l\u00edquida: la concentraci\u00f3n de\u00a0\u00e1cido m\u00e1lico\u00a0entre un 0,68-1,3g\/100mL, de\u00a0\u00e1cido g\u00e1lico\u00a0entre un 0,96-1,45mg\/100g. Par\u00e1metros organol\u00e9pticos de todos los productos corresponden a fruta.<\/p>\n<p>[\/et_pb_text][et_pb_image src=\u00bbhttps:\/\/pectinworld.com\/wp-content\/uploads\/2019\/03\/Tabla.png\u00bb align_tablet=\u00bbcenter\u00bb align_phone=\u00bb\u00bb align_last_edited=\u00bbon|desktop\u00bb _builder_version=\u00bb4.16&#8243; global_colors_info=\u00bb{}\u00bb][\/et_pb_image][et_pb_text _builder_version=\u00bb4.16&#8243; global_colors_info=\u00bb{}\u00bb]<\/p>\n<p style=\"text-align: center;\">La materia prima para zumo de caqui<\/p>\n<p>[\/et_pb_text][et_pb_image src=\u00bbhttps:\/\/pectinworld.com\/wp-content\/uploads\/2019\/03\/1.png\u00bb align=\u00bbcenter\u00bb align_tablet=\u00bbcenter\u00bb align_phone=\u00bb\u00bb align_last_edited=\u00bbon|desktop\u00bb _builder_version=\u00bb4.16&#8243; global_colors_info=\u00bb{}\u00bb][\/et_pb_image][et_pb_text _builder_version=\u00bb4.16&#8243; global_colors_info=\u00bb{}\u00bb]<\/p>\n<p style=\"text-align: center;\">Las muestras del proceso de transformaci\u00f3n de caqui crudo triturado en\u00a0 el jugo<\/p>\n<p>[\/et_pb_text][et_pb_image src=\u00bbhttps:\/\/pectinworld.com\/wp-content\/uploads\/2019\/03\/2.png\u00bb align=\u00bbcenter\u00bb align_tablet=\u00bbcenter\u00bb align_phone=\u00bb\u00bb align_last_edited=\u00bbon|desktop\u00bb _builder_version=\u00bb4.16&#8243; global_colors_info=\u00bb{}\u00bb][\/et_pb_image][et_pb_text _builder_version=\u00bb4.16&#8243; global_colors_info=\u00bb{}\u00bb]<\/p>\n<p style=\"text-align: center;\">El\u00a0concentrado dezumo de caqui<\/p>\n<p>[\/et_pb_text][et_pb_image src=\u00bbhttps:\/\/pectinworld.com\/wp-content\/uploads\/2019\/03\/3-1.png\u00bb align=\u00bbcenter\u00bb align_tablet=\u00bbcenter\u00bb align_phone=\u00bb\u00bb align_last_edited=\u00bbon|desktop\u00bb _builder_version=\u00bb4.16&#8243; global_colors_info=\u00bb{}\u00bb][\/et_pb_image][et_pb_text _builder_version=\u00bb4.16&#8243; global_colors_info=\u00bb{}\u00bb]<\/p>\n<p style=\"text-align: center;\">La prueba de la estabilidad del zumo de caqui<\/p>\n<p>[\/et_pb_text][et_pb_image src=\u00bbhttps:\/\/pectinworld.com\/wp-content\/uploads\/2019\/03\/4-1.png\u00bb align=\u00bbcenter\u00bb align_tablet=\u00bbcenter\u00bb align_phone=\u00bb\u00bb align_last_edited=\u00bbon|desktop\u00bb _builder_version=\u00bb4.16&#8243; global_colors_info=\u00bb{}\u00bb][\/et_pb_image][et_pb_text _builder_version=\u00bb4.16&#8243; global_colors_info=\u00bb{}\u00bb]<\/p>\n<p style=\"text-align: center;\">Pur\u00e9 para la producci\u00f3n los productos de caqui<\/p>\n<p>[\/et_pb_text][et_pb_image src=\u00bbhttps:\/\/pectinworld.com\/wp-content\/uploads\/2019\/03\/5-1.png\u00bb align=\u00bbcenter\u00bb align_tablet=\u00bbcenter\u00bb align_phone=\u00bb\u00bb align_last_edited=\u00bbon|desktop\u00bb _builder_version=\u00bb4.16&#8243; global_colors_info=\u00bb{}\u00bb][\/et_pb_image][et_pb_text _builder_version=\u00bb4.16&#8243; global_colors_info=\u00bb{}\u00bb]<\/p>\n<p style=\"text-align: center;\">Residuos para\u00a0 producci\u00f3n la pectina<\/p>\n<p>[\/et_pb_text][et_pb_image src=\u00bbhttps:\/\/pectinworld.com\/wp-content\/uploads\/2019\/03\/6.png\u00bb align=\u00bbcenter\u00bb align_tablet=\u00bbcenter\u00bb align_phone=\u00bb\u00bb align_last_edited=\u00bbon|desktop\u00bb _builder_version=\u00bb4.16&#8243; global_colors_info=\u00bb{}\u00bb][\/et_pb_image][et_pb_text _builder_version=\u00bb4.16&#8243; global_colors_info=\u00bb{}\u00bb]<\/p>\n<p style=\"text-align: center;\">La\u00a0mermelada del pur\u00e9 de caqui<\/p>\n<p>[\/et_pb_text][et_pb_image src=\u00bbhttps:\/\/pectinworld.com\/wp-content\/uploads\/2019\/03\/7-1.png\u00bb align=\u00bbcenter\u00bb align_tablet=\u00bbcenter\u00bb align_phone=\u00bb\u00bb align_last_edited=\u00bbon|desktop\u00bb _builder_version=\u00bb4.16&#8243; global_colors_info=\u00bb{}\u00bb][\/et_pb_image][et_pb_text _builder_version=\u00bb4.16&#8243; global_colors_info=\u00bb{}\u00bb]<\/p>\n<p style=\"text-align: center;\">La textura estable de la mermelada debido a las propiedades gelificantes\u00a0de la pectina\u00a0nativo<\/p>\n<p>[\/et_pb_text][et_pb_image src=\u00bbhttps:\/\/pectinworld.com\/wp-content\/uploads\/2019\/03\/8-1.png\u00bb align=\u00bbcenter\u00bb align_tablet=\u00bbcenter\u00bb align_phone=\u00bb\u00bb align_last_edited=\u00bbon|desktop\u00bb _builder_version=\u00bb4.16&#8243; global_colors_info=\u00bb{}\u00bb][\/et_pb_image][et_pb_text _builder_version=\u00bb4.16&#8243; global_colors_info=\u00bb{}\u00bb]<\/p>\n<p style=\"text-align: center;\">El zumo clarificado de caqui<\/p>\n<p>[\/et_pb_text][et_pb_image src=\u00bbhttps:\/\/pectinworld.com\/wp-content\/uploads\/2019\/03\/9.png\u00bb align=\u00bbcenter\u00bb align_tablet=\u00bbcenter\u00bb align_phone=\u00bb\u00bb align_last_edited=\u00bbon|desktop\u00bb _builder_version=\u00bb4.16&#8243; global_colors_info=\u00bb{}\u00bb][\/et_pb_image][et_pb_text _builder_version=\u00bb4.16&#8243; global_colors_info=\u00bb{}\u00bb]<\/p>\n<div style=\"text-align: center;\">Las muestras del proceso de transformaci\u00f3n del caqui\u00a0 en el zumo clarificado de caqui<\/div>\n<p>[\/et_pb_text][et_pb_image src=\u00bbhttps:\/\/pectinworld.com\/wp-content\/uploads\/2019\/03\/10.png\u00bb align=\u00bbcenter\u00bb align_tablet=\u00bbcenter\u00bb align_phone=\u00bb\u00bb align_last_edited=\u00bbon|desktop\u00bb _builder_version=\u00bb4.16&#8243; global_colors_info=\u00bb{}\u00bb][\/et_pb_image][et_pb_text _builder_version=\u00bb4.22.1&#8243; hover_enabled=\u00bb0&#8243; global_colors_info=\u00bb{}\u00bb sticky_enabled=\u00bb0&#8243;]<\/p>\n<p style=\"text-align: right;\"><a href=\"https:\/\/pectinworld.com\/wp-content\/uploads\/2023\/09\/Propuesta-creacion-produccion-jugo-caqui.pdf\" target=\"_blank\" rel=\"noopener noreferrer\">Ver documento original<\/a><\/p>\n<p>[\/et_pb_text][\/et_pb_column][\/et_pb_row][et_pb_row _builder_version=\u00bb4.22.1&#8243; _module_preset=\u00bbdefault\u00bb][et_pb_column _builder_version=\u00bb4.22.1&#8243; _module_preset=\u00bbdefault\u00bb type=\u00bb4_4&#8243;][et_pb_code _builder_version=\u00bb4.22.1&#8243; _module_preset=\u00bbdefault\u00bb hover_enabled=\u00bb0&#8243; sticky_enabled=\u00bb0&#8243;]<!-- Yandex.RTB R-A-1961663-1 --><!-- [et_pb_line_break_holder] --><\/p>\n<div id=\"yandex_rtb_R-A-1961663-1\"><\/div>\n<p><!-- [et_pb_line_break_holder] --><script>window.yaContextCb.push(()=>{<!-- [et_pb_line_break_holder] -->  Ya.Context.AdvManager.render({<!-- [et_pb_line_break_holder] -->    renderTo: 'yandex_rtb_R-A-1961663-1',<!-- [et_pb_line_break_holder] -->    blockId: 'R-A-1961663-1'<!-- [et_pb_line_break_holder] -->  })<!-- [et_pb_line_break_holder] -->})<\/script>[\/et_pb_code][\/et_pb_column][\/et_pb_row][\/et_pb_section]<\/p>\n","protected":false},"excerpt":{"rendered":"<p>ORCID &#8211; Galina Ignatyeva Propuesta para la creaci\u00f3n&#8230;<\/p>\n","protected":false},"author":1,"featured_media":0,"parent":0,"menu_order":0,"comment_status":"closed","ping_status":"closed","template":"","meta":{"_et_pb_use_builder":"on","_et_pb_old_content":"","_et_gb_content_width":"","footnotes":""},"class_list":["post-3576","page","type-page","status-publish"],"_links":{"self":[{"href":"https:\/\/pectinworld.com\/es\/wp-json\/wp\/v2\/pages\/3576","targetHints":{"allow":["GET"]}}],"collection":[{"href":"https:\/\/pectinworld.com\/es\/wp-json\/wp\/v2\/pages"}],"about":[{"href":"https:\/\/pectinworld.com\/es\/wp-json\/wp\/v2\/types\/page"}],"author":[{"embeddable":true,"href":"https:\/\/pectinworld.com\/es\/wp-json\/wp\/v2\/users\/1"}],"replies":[{"embeddable":true,"href":"https:\/\/pectinworld.com\/es\/wp-json\/wp\/v2\/comments?post=3576"}],"version-history":[{"count":4,"href":"https:\/\/pectinworld.com\/es\/wp-json\/wp\/v2\/pages\/3576\/revisions"}],"predecessor-version":[{"id":6809,"href":"https:\/\/pectinworld.com\/es\/wp-json\/wp\/v2\/pages\/3576\/revisions\/6809"}],"wp:attachment":[{"href":"https:\/\/pectinworld.com\/es\/wp-json\/wp\/v2\/media?parent=3576"}],"curies":[{"name":"wp","href":"https:\/\/api.w.org\/{rel}","templated":true}]}}