{"id":3455,"date":"2017-07-08T22:08:16","date_gmt":"2017-07-08T19:08:16","guid":{"rendered":"http:\/\/pectinworld.com\/%d0%ba%d0%b0%d0%bd%d0%b5%d0%b2%d1%81%d0%ba%d0%be%d0%b9-%d1%81%d0%b0%d1%85%d0%b0%d1%80%d0%bd%d1%8b%d0%b9-%d0%b7%d0%b0%d0%b2%d0%be%d0%b4\/"},"modified":"2023-08-30T19:07:46","modified_gmt":"2023-08-30T16:07:46","slug":"fabrica-de-azucar-kanev","status":"publish","type":"page","link":"https:\/\/pectinworld.com\/es\/fabrica-de-azucar-kanev\/","title":{"rendered":"Fibra diet\u00e9tica &#8211; F\u00e1brica de az\u00facar Kanev"},"content":{"rendered":"<p>[et_pb_section fb_built=\u00bb1&#8243; admin_label=\u00bbsection\u00bb _builder_version=\u00bb4.16&#8243; global_colors_info=\u00bb{}\u00bb][et_pb_row admin_label=\u00bbrow\u00bb _builder_version=\u00bb4.16&#8243; background_size=\u00bbinitial\u00bb background_position=\u00bbtop_left\u00bb background_repeat=\u00bbrepeat\u00bb global_colors_info=\u00bb{}\u00bb][et_pb_column type=\u00bb4_4&#8243; _builder_version=\u00bb4.16&#8243; custom_padding=\u00bb|||\u00bb global_colors_info=\u00bb{}\u00bb custom_padding__hover=\u00bb|||\u00bb][et_pb_code _builder_version=\u00bb4.22.1&#8243; _module_preset=\u00bbdefault\u00bb hover_enabled=\u00bb0&#8243; sticky_enabled=\u00bb0&#8243;]<\/p>\n<div itemscope itemtype=\"https:\/\/schema.org\/Person\"><!-- [et_pb_line_break_holder] --><a itemprop=\"sameAs\" content=\"ORCID - Galina Ignatyeva\" href=\"https:\/\/orcid.org\/0000-0001-8828-7816\" target=\"orcid.widget\" rel=\"me noopener noreferrer\" style=\"vertical-align:top;\"><!-- [et_pb_line_break_holder] --><img decoding=\"async\" src=\"https:\/\/orcid.org\/sites\/default\/files\/images\/orcid_16x16.png\" style=\"width:1em;margin-right:.5em;\" alt=\"ORCID iD icon\"><!-- [et_pb_line_break_holder] -->ORCID &#8211; Galina Ignatyeva<\/a><\/div>\n<p>[\/et_pb_code][et_pb_text _builder_version=\u00bb4.18.0&#8243; _module_preset=\u00bbdefault\u00bb global_colors_info=\u00bb{}\u00bb]<\/p>\n<h2 style=\"text-align: center;\">Fibra diet\u00e9tica &#8211; F\u00e1brica de az\u00facar Kanev<\/h2>\n<p>&nbsp;<\/p>\n<p>La f\u00e1brica de az\u00facar Kanev es parte de la empresa Pokrovsky.<\/p>\n<p>Concern \u00abPokrovsky\u00bb es uno de los productores agr\u00edcolas m\u00e1s grandes y eficientes del pa\u00eds, el grupo de empresas se encuentra entre los diez l\u00edderes nacionales en t\u00e9rminos de indicadores clave de producci\u00f3n:<\/p>\n<p>1er lugar en eficiencia por hect\u00e1rea: SovEcon<br \/>5to lugar en t\u00e9rminos de valor del banco de tierras entre los mayores productores agr\u00edcolas de Rusia: Forbes<br \/>6\u00b0 lugar en producci\u00f3n de az\u00facar: Rossahar<br \/>9\u00b0 lugar &#8211; en producci\u00f3n de leche: Soyuzmoloko<\/p>\n<p>El banco de tierras de la empresa ascendi\u00f3 a 242 mil hect\u00e1reas, mientras que su valor casi se duplic\u00f3 durante el a\u00f1o, de 36,3 mil millones a 67,8 mil millones de rublos.<\/p>\n<p>El grupo se especializa en granos comerciales y remolacha azucarera. La cosecha bruta de productos agr\u00edcolas del Grupo super\u00f3 los 2,5 millones de toneladas por a\u00f1o.<\/p>\n<p>JSC \u00abKanevsksakhar\u00bb (distrito de Kanevsky, territorio de Krasnodar) pas\u00f3 a manos de Concern en 2013. Es una de las empresas formadoras de ciudades de la regi\u00f3n de Kanevsky y proporciona empleo a m\u00e1s de 500 personas.<\/p>\n<p>Se complet\u00f3 un programa de modernizaci\u00f3n de la planta para 2016-2018, como resultado de lo cual la capacidad de procesamiento de remolacha azucarera de la empresa aument\u00f3 a 6500 toneladas por d\u00eda y la producci\u00f3n de pulpa de remolacha granulada aument\u00f3 a 300 toneladas por d\u00eda. El volumen de inversiones ascendi\u00f3 a 1,5 mil millones de rublos.<\/p>\n<p>Se tomaron muestras del producto. Se adjunta el certificado de muestreo del producto.<\/p>\n<p>[\/et_pb_text][et_pb_text _builder_version=\u00bb4.18.0&#8243; border_style=\u00bbsolid\u00bb global_colors_info=\u00bb{}\u00bb]<\/p>\n<a href=\"https:\/\/pectinworld.com\/wp-content\/uploads\/2017\/07\/AKT_otbora_prob_produkcii.pdf\" class=\"pdfemb-viewer\" style=\"\" data-width=\"max\" data-height=\"max\" data-toolbar=\"bottom\" data-toolbar-fixed=\"off\">AKT_otbora_prob_produkcii<\/a>\n<p>[\/et_pb_text][\/et_pb_column][\/et_pb_row][et_pb_row _builder_version=\u00bb4.18.0&#8243; _module_preset=\u00bbdefault\u00bb global_colors_info=\u00bb{}\u00bb][et_pb_column type=\u00bb4_4&#8243; _builder_version=\u00bb4.18.0&#8243; _module_preset=\u00bbdefault\u00bb global_colors_info=\u00bb{}\u00bb][et_pb_code _builder_version=\u00bb4.18.0&#8243; _module_preset=\u00bbdefault\u00bb global_colors_info=\u00bb{}\u00bb]<!-- Yandex.RTB R-A-1961663-3 --><!-- [et_pb_line_break_holder] --><\/p>\n<div id=\"yandex_rtb_R-A-1961663-3\"><\/div>\n<p><!-- [et_pb_line_break_holder] --><script>window.yaContextCb.push(()=>{<!-- [et_pb_line_break_holder] -->  Ya.Context.AdvManager.render({<!-- [et_pb_line_break_holder] -->    renderTo: 'yandex_rtb_R-A-1961663-3',<!-- [et_pb_line_break_holder] -->    blockId: 'R-A-1961663-3'<!-- [et_pb_line_break_holder] -->  })<!-- [et_pb_line_break_holder] -->})<\/script>[\/et_pb_code][\/et_pb_column][\/et_pb_row][\/et_pb_section]<\/p>\n","protected":false},"excerpt":{"rendered":"<p>ORCID &#8211; Galina Ignatyeva Fibra diet\u00e9tica &#8211;&#8230;<\/p>\n","protected":false},"author":1,"featured_media":0,"parent":0,"menu_order":0,"comment_status":"closed","ping_status":"closed","template":"","meta":{"_et_pb_use_builder":"on","_et_pb_old_content":"","_et_gb_content_width":"","footnotes":""},"class_list":["post-3455","page","type-page","status-publish"],"_links":{"self":[{"href":"https:\/\/pectinworld.com\/es\/wp-json\/wp\/v2\/pages\/3455","targetHints":{"allow":["GET"]}}],"collection":[{"href":"https:\/\/pectinworld.com\/es\/wp-json\/wp\/v2\/pages"}],"about":[{"href":"https:\/\/pectinworld.com\/es\/wp-json\/wp\/v2\/types\/page"}],"author":[{"embeddable":true,"href":"https:\/\/pectinworld.com\/es\/wp-json\/wp\/v2\/users\/1"}],"replies":[{"embeddable":true,"href":"https:\/\/pectinworld.com\/es\/wp-json\/wp\/v2\/comments?post=3455"}],"version-history":[{"count":5,"href":"https:\/\/pectinworld.com\/es\/wp-json\/wp\/v2\/pages\/3455\/revisions"}],"predecessor-version":[{"id":6694,"href":"https:\/\/pectinworld.com\/es\/wp-json\/wp\/v2\/pages\/3455\/revisions\/6694"}],"wp:attachment":[{"href":"https:\/\/pectinworld.com\/es\/wp-json\/wp\/v2\/media?parent=3455"}],"curies":[{"name":"wp","href":"https:\/\/api.w.org\/{rel}","templated":true}]}}