{"id":2838,"date":"2018-11-02T21:01:07","date_gmt":"2018-11-02T18:01:07","guid":{"rendered":"http:\/\/pectinworld.com\/1643-2\/"},"modified":"2023-08-16T15:32:05","modified_gmt":"2023-08-16T12:32:05","slug":"nueva-materia","status":"publish","type":"page","link":"https:\/\/pectinworld.com\/es\/nueva-materia\/","title":{"rendered":"Nueva materia prima para obtener pectina modificada"},"content":{"rendered":"<p>[et_pb_section fb_built=\u00bb1&#8243; admin_label=\u00bbsection\u00bb _builder_version=\u00bb4.16&#8243; global_colors_info=\u00bb{}\u00bb][et_pb_row admin_label=\u00bbrow\u00bb _builder_version=\u00bb4.16&#8243; background_size=\u00bbinitial\u00bb background_position=\u00bbtop_left\u00bb background_repeat=\u00bbrepeat\u00bb global_colors_info=\u00bb{}\u00bb][et_pb_column type=\u00bb4_4&#8243; _builder_version=\u00bb4.16&#8243; custom_padding=\u00bb|||\u00bb global_colors_info=\u00bb{}\u00bb custom_padding__hover=\u00bb|||\u00bb][et_pb_code _builder_version=\u00bb4.16&#8243; _module_preset=\u00bbdefault\u00bb global_colors_info=\u00bb{}\u00bb]<\/p>\n<div itemscope itemtype=\"https:\/\/schema.org\/Person\"><a itemprop=\"sameAs\" content=\"ORCID - Galina Ignatyeva\" href=\"https:\/\/orcid.org\/0000-0001-8828-7816\" target=\"orcid.widget\" rel=\"me noopener noreferrer\" style=\"vertical-align:top;\"><img decoding=\"async\" src=\"https:\/\/orcid.org\/sites\/default\/files\/images\/orcid_16x16.png\" style=\"width:1em;margin-right:.5em;\" alt=\"ORCID iD icon\">ORCID &#8211; Galina Ignatyeva<\/a><\/div>\n<p>[\/et_pb_code][et_pb_text _builder_version=\u00bb4.16&#8243; global_colors_info=\u00bb{}\u00bb]<\/p>\n<h2 style=\"text-align: center;\">Nueva materia prima para obtener pectina modificada<\/h2>\n<p>\u00a0<\/p>\n<p>Pectina modificada &#8211; b\u00e1sicamente es una pectina parcialmente despolimerizada y\u00a0desesterificada. El Dr. Isaac Eliaz es uno de los principales investigadores de este producto de\u00a0los c\u00edtricos, siendo apoderado de varias patentes con respecto a la pectina modificada, si bien el\u00a0arranque de su inter\u00e9s se debe a los trabajos iniciales del Dr. K.J. Pienta, sobre el uso de la\u00a0pectina de c\u00edtricos en la prevenci\u00f3n de la met\u00e1stasis del c\u00e1ncer de pr\u00f3stata en los pulmones. (1)<\/p>\n<p>En la bibliograf\u00eda es posible encontrar publicaciones recientes sobre propiedades\u00a0farmacol\u00f3gicas de las sustancias p\u00e9cticas y el Panel on Dietetic Products, Nutrition and Allergies\u00a0(NDA) de la European Food Safety Authority ha emitido un informe sobre las declaraciones\u00a0saludables relacionadas con las pectinas.<\/p>\n<p>Para obtener pectina modificada (MCP), en principio se parte de pectina de c\u00edtricos\u00a0sobre la que se puede actuar qu\u00edmicamente o enzim\u00e1ticamente.(2; 3; 4)<\/p>\n<p>Mediante las condiciones de la tecnologia de patentes desarrollados se consigue\u00a0obtener una pectina modificada de cualquiera materia prima con una masa molecular de 10-20\u00a0KDa, un grado de polimerizacion de 30-70 unidades, un grado de esterificacion inferior al 5-50\u00a0%, un tiempo retencion de 5,62-5,66\u00a0min (HPLC). (5; 6) De este modo se obtienen pectinas\u00a0modificadas de alto poder antitumoral.<\/p>\n<p>Mediante las condiciones de la tecnologia ecologica se consigue obtener la pectina\u00a0modificada con otras pectinas, que responden a los siguientes datos. La pectina en polvo\u00a0obtenida tiene un grado de pureza del 86-90\u00a0% de pectina; una masa molecular de 45-108 KDa;\u00a0un grado de esterificaci\u00f3n ajustable entre un 12-81\u00a0%; una capacidad gelatinizante de 200-<br \/>230 o \u00a0SAG USA y m\u00e1s, hasta 250 o \u00a0SAG USA; una estabilidad en emulsi\u00f3n durante la\u00a0centrifugaci\u00f3n a 4000-8000\u00a0rpm. La pectina en polvo obtenida es acrom\u00e1tica a 400-700\u00a0nm.<\/p>\n<p>Las pectinas obtenidas con la pectina modificada no tienen color, ni olor, ni trazas de\u00a0flavonoides, carece de sustancias susceptibles de oxidaci\u00f3n durante el almacenamiento y sin\u00a0absorbancia entre 250 y 380 (400) nm. Se puede estimar que el color de las pectinas alcanzar\u00edas\u00a0los siguientes datos: L* de 90,2 a 91,3, a* de -3,7 a -1,9, b* de 2,6 a 14,9.<\/p>\n<p>Cannabis\u00a0es un\u00a0 g\u00e9nero \u00a0con tres\u00a0 especies de\u00a0 plantas \u00a0de\u00a0 flores \u00a0perteneciente a la familia\u00a0 Cannabaceae . (7) El cannabis, se ha utilizado durante milenios como planta medicinal.\u00a0Seg\u00fan los datos proporcionados por \u041e\u041e\u041e \u00abTransInvest\u00bb, el Ministerio de ndustria y Comercio,\u00a0representado por el Fondo de Desarrollo de la Industria, subvencion\u00f3 la creaci\u00f3n de una granja<br \/>para cannabis t\u00e9cnico en la regi\u00f3n de Nizhni N\u00f3vgorod.<\/p>\n<p>Un estudio del \u00abUS National Academies of Sciences, Engineering, and Medicine\u00bb ha\u00a0recopilado m\u00e1s de 10.000 investigaciones realizadas desde 1999 sobre el cannabis y productos\u00a0derivados de \u00e9ste, para aportar luz al tema. En este riguroso estudio han llegado a casi 100\u00a0conclusiones. (8) Otro estudio llega a la conclusi\u00f3n de que es necesario estudiar con m\u00e1s\u00a0profundidad los puntos que no han sido aclarados totalmente, por ejemplo el contenido de\u00a0pectina. La pectina una fibra, har\u00e1 que el tetrahidrocannabinol en tu cuerpo se elimine a trav\u00e9s de\u00a0los intestinos.(9) Hay muchas razones para creer que el contenido de pectina en ella es tal que\u00a0obtener pectina modificada ser\u00e1 rentable, ampliar la lista de medicamentos, etc.<\/p>\n<p>[\/et_pb_text][et_pb_text _builder_version=\u00bb4.16&#8243; border_style=\u00bbsolid\u00bb global_colors_info=\u00bb{}\u00bb]<\/p>\n<p style=\"text-align: right;\"><a href=\"https:\/\/pectinworld.com\/wp-content\/uploads\/2018\/11\/NUEVA-MATERIA-PRIMA-PARA-OBTENER-PECTINA-MODIFICADA.pdf\" target=\"_blank\" rel=\"noopener noreferrer\">Ver documento original<\/a><\/p>\n<p>[\/et_pb_text][\/et_pb_column][\/et_pb_row][et_pb_row _builder_version=\u00bb4.22.0&#8243; _module_preset=\u00bbdefault\u00bb][et_pb_column _builder_version=\u00bb4.22.0&#8243; _module_preset=\u00bbdefault\u00bb type=\u00bb4_4&#8243;][et_pb_code _builder_version=\u00bb4.22.0&#8243; _module_preset=\u00bbdefault\u00bb hover_enabled=\u00bb0&#8243; sticky_enabled=\u00bb0&#8243;]<!-- Yandex.RTB R-A-1961663-1 --><!-- [et_pb_line_break_holder] --><\/p>\n<div id=\"yandex_rtb_R-A-1961663-1\"><\/div>\n<p><!-- [et_pb_line_break_holder] --><script>window.yaContextCb.push(()=>{<!-- [et_pb_line_break_holder] -->  Ya.Context.AdvManager.render({<!-- [et_pb_line_break_holder] -->    renderTo: 'yandex_rtb_R-A-1961663-1',<!-- [et_pb_line_break_holder] -->    blockId: 'R-A-1961663-1'<!-- [et_pb_line_break_holder] -->  })<!-- [et_pb_line_break_holder] -->})<\/script>[\/et_pb_code][\/et_pb_column][\/et_pb_row][\/et_pb_section]<\/p>\n","protected":false},"excerpt":{"rendered":"<p>ORCID &#8211; Galina Ignatyeva Nueva materia prima para&#8230;<\/p>\n","protected":false},"author":1,"featured_media":0,"parent":0,"menu_order":0,"comment_status":"closed","ping_status":"closed","template":"","meta":{"_et_pb_use_builder":"on","_et_pb_old_content":"","_et_gb_content_width":"","footnotes":""},"class_list":["post-2838","page","type-page","status-publish"],"_links":{"self":[{"href":"https:\/\/pectinworld.com\/es\/wp-json\/wp\/v2\/pages\/2838","targetHints":{"allow":["GET"]}}],"collection":[{"href":"https:\/\/pectinworld.com\/es\/wp-json\/wp\/v2\/pages"}],"about":[{"href":"https:\/\/pectinworld.com\/es\/wp-json\/wp\/v2\/types\/page"}],"author":[{"embeddable":true,"href":"https:\/\/pectinworld.com\/es\/wp-json\/wp\/v2\/users\/1"}],"replies":[{"embeddable":true,"href":"https:\/\/pectinworld.com\/es\/wp-json\/wp\/v2\/comments?post=2838"}],"version-history":[{"count":6,"href":"https:\/\/pectinworld.com\/es\/wp-json\/wp\/v2\/pages\/2838\/revisions"}],"predecessor-version":[{"id":6286,"href":"https:\/\/pectinworld.com\/es\/wp-json\/wp\/v2\/pages\/2838\/revisions\/6286"}],"wp:attachment":[{"href":"https:\/\/pectinworld.com\/es\/wp-json\/wp\/v2\/media?parent=2838"}],"curies":[{"name":"wp","href":"https:\/\/api.w.org\/{rel}","templated":true}]}}