{"id":2652,"date":"2017-06-20T18:46:07","date_gmt":"2017-06-20T15:46:07","guid":{"rendered":"http:\/\/pectinworld.com\/%d1%81%d0%be%d0%ba%d0%b8\/"},"modified":"2023-09-02T20:44:48","modified_gmt":"2023-09-02T17:44:48","slug":"zumos","status":"publish","type":"page","link":"https:\/\/pectinworld.com\/es\/zumos\/","title":{"rendered":"Zumos"},"content":{"rendered":"<p>[et_pb_section fb_built=\u00bb1&#8243; custom_padding_last_edited=\u00bbon|desktop\u00bb _builder_version=\u00bb4.16&#8243; background_color=\u00bb#ffffff\u00bb background_image=\u00bbhttps:\/\/pectinworld.com\/wp-content\/uploads\/2016\/07\/pectina-pectine-gelificante.jpg\u00bb parallax=\u00bbon\u00bb parallax_method=\u00bboff\u00bb custom_padding_tablet=\u00bb50px|0|50px|0&#8243; custom_padding_phone=\u00bb\u00bb transparent_background=\u00bboff\u00bb transparent_background_fb=\u00bboff\u00bb padding_mobile=\u00bboff\u00bb global_colors_info=\u00bb{}\u00bb][et_pb_row padding_mobile=\u00bboff\u00bb column_padding_mobile=\u00bbon\u00bb _builder_version=\u00bb4.16&#8243; background_size=\u00bbinitial\u00bb background_position=\u00bbtop_left\u00bb background_repeat=\u00bbrepeat\u00bb global_colors_info=\u00bb{}\u00bb][et_pb_column type=\u00bb4_4&#8243; _builder_version=\u00bb4.16&#8243; custom_padding=\u00bb|||\u00bb global_colors_info=\u00bb{}\u00bb custom_padding__hover=\u00bb|||\u00bb][et_pb_text _builder_version=\u00bb4.16&#8243; text_font=\u00bbTimes New Roman|on|||\u00bb header_font=\u00bbTimes New Roman|on|||\u00bb background_size=\u00bbinitial\u00bb background_position=\u00bbtop_left\u00bb background_repeat=\u00bbrepeat\u00bb custom_margin=\u00bb100px||100px|\u00bb border_style=\u00bbsolid\u00bb global_colors_info=\u00bb{}\u00bb]<\/p>\n<h1 style=\"text-align: center;\"><span style=\"color: #74985a;\">El zumo tiene un efecto positivo en nuestra inmunidad y capacidad de trabajo<\/span><\/h1>\n<h3 style=\"text-align: center;\">La primera tecnolog\u00eda moderna<\/h3>\n<h2 style=\"text-align: center;\">Siempre a la vanguardia<\/h2>\n<h2 style=\"text-align: center;\">\u00a0<\/h2>\n<p>[\/et_pb_text][\/et_pb_column][\/et_pb_row][\/et_pb_section][et_pb_section fb_built=\u00bb1&#8243; custom_padding_last_edited=\u00bbon|desktop\u00bb _builder_version=\u00bb4.16&#8243; background_color=\u00bbrgba(255,255,255,0)\u00bb parallax=\u00bbon\u00bb parallax_method=\u00bboff\u00bb custom_padding_tablet=\u00bb50px|0|50px|0&#8243; custom_padding_phone=\u00bb\u00bb padding_mobile=\u00bboff\u00bb global_colors_info=\u00bb{}\u00bb][et_pb_row padding_mobile=\u00bboff\u00bb column_padding_mobile=\u00bbon\u00bb _builder_version=\u00bb4.16&#8243; background_size=\u00bbinitial\u00bb background_position=\u00bbtop_left\u00bb background_repeat=\u00bbrepeat\u00bb global_colors_info=\u00bb{}\u00bb][et_pb_column type=\u00bb4_4&#8243; _builder_version=\u00bb4.16&#8243; custom_padding=\u00bb|||\u00bb global_colors_info=\u00bb{}\u00bb custom_padding__hover=\u00bb|||\u00bb][et_pb_text _builder_version=\u00bb4.16&#8243; text_font=\u00bbTimes New Roman|on|||\u00bb header_font=\u00bbTimes New Roman|on|||\u00bb background_size=\u00bbinitial\u00bb background_position=\u00bbtop_left\u00bb background_repeat=\u00bbrepeat\u00bb custom_margin=\u00bb100px||100px|\u00bb border_style=\u00bbsolid\u00bb global_colors_info=\u00bb{}\u00bb]<\/p>\n<h1 style=\"text-align: center;\">Zumos<\/h1>\n<p>[\/et_pb_text][et_pb_text _builder_version=\u00bb4.22.1&#8243; hover_enabled=\u00bb0&#8243; global_colors_info=\u00bb{}\u00bb sticky_enabled=\u00bb0&#8243;]<\/p>\n<ul>\n<li><a href=\"https:\/\/pectinworld.com\/es\/informacion-sobre-produccion\/\">Informaci\u00f3n sobre la producci\u00f3n de los productos de caqui para regiones de Espa\u00f1a<\/a><\/li>\n<li><a href=\"https:\/\/pectinworld.com\/es\/certificado-de-zumo-mitrasolutions\/\">El certificado de zumo de caqui fabricado a trav\u00e9s de la tecnolog\u00eda de Ignatieva G.N. transmitido a trav\u00e9s de MITRASOLUTIONS (Espa\u00f1a)<\/a><\/li>\n<li><a href=\"https:\/\/pectinworld.com\/es\/certificado-de-zumo-de-melon\/\">El certificado de zumo de mel\u00f3n\u200b<\/a><\/li>\n<li><a href=\"https:\/\/pectinworld.com\/es\/%d0%b0%d0%bd%d0%b0%d0%bb%d0%b8%d0%b7%d1%8b-%d0%b8-%d1%81%d0%b5%d1%80%d1%82%d0%b8%d1%84%d0%b8%d0%ba%d0%b0%d1%82-%d0%ba%d0%be%d0%bd%d1%86%d0%b5%d0%bd%d1%82%d1%80%d0%b8%d1%80%d0%be%d0%b2%d0%b0%d0%bd\/\">\u0410\u043d\u0430\u043b\u0438\u0437\u044b \u0438 \u0441\u0435\u0440\u0442\u0438\u0444\u0438\u043a\u0430\u0442 \u043a\u043e\u043d\u0446\u0435\u043d\u0442\u0440\u0438\u0440\u043e\u0432\u0430\u043d\u043d\u043e\u0433\u043e \u0441\u043e\u043a\u0430 \u0438\u0437 \u0434\u044b\u043d\u0438 \u043f\u043e \u0442\u0435\u0445\u043d\u043e\u043b\u043e\u0433\u0438\u0438 \u0418\u0433\u043d\u0430\u0442\u044c\u0435\u0432\u043e\u0439 \u0413.\u041d. (\u0418\u0441\u043f\u0430\u043d\u0438\u044f)<\/a><\/li>\n<li><a href=\"https:\/\/pectinworld.com\/es\/oferta-zumo-de-caqui\/\">Propuesta para la creaci\u00f3n de la producci\u00f3n de jugo de caqui<\/a><\/li>\n<li><a href=\"https:\/\/pectinworld.com\/es\/produccion-zumo-de-caqui-diospyros\/\">Proyecto sobre producci\u00f3n de zumo de caqui (Diospyros kaki L.)<\/a><\/li>\n<\/ul>\n<p>\u0420\u0443\u0441\u0441\u043a\u0438\u0439<\/p>\n<ul>\n<li><a href=\"https:\/\/pectinworld.com\/es\/%d1%85%d1%83%d1%80%d0%bc%d0%b0\/\">\u0425\u0443\u0440\u043c\u0430<\/a><\/li>\n<li><a href=\"https:\/\/pectinworld.com\/es\/%d1%80%d0%b5%d0%b7%d1%8e%d0%bc%d0%b5-%d0%bf%d1%80%d0%be%d0%b8%d0%b7%d0%b2%d0%be%d0%b4%d1%81%d1%82%d0%b2%d0%b0-%d1%81%d0%be%d0%ba%d0%b0-%d1%85%d1%83%d1%80%d0%bc%d1%8b\/\">\u0420\u0435\u0437\u044e\u043c\u0435 \u043f\u0440\u043e\u0438\u0437\u0432\u043e\u0434\u0441\u0442\u0432\u0430 \u0441\u043e\u043a\u0430 \u0445\u0443\u0440\u043c\u044b<\/a><\/li>\n<li><a href=\"https:\/\/pectinworld.com\/es\/%d1%80%d0%b5%d0%b7%d1%8e%d0%bc%d0%b5-%d0%bf%d1%80%d0%be%d0%b8%d0%b7%d0%b2%d0%be%d0%b4%d1%81%d1%82%d0%b2%d0%b0-%d1%81%d0%be%d0%ba%d0%b0-%d0%b4%d1%8b%d0%bd%d0%b8\/\">\u0420\u0435\u0437\u044e\u043c\u0435 \u043f\u0440\u043e\u0438\u0437\u0432\u043e\u0434\u0441\u0442\u0432\u0430 \u0441\u043e\u043a\u0430 \u0434\u044b\u043d\u0438<\/a><\/li>\n<\/ul>\n<p>France<\/p>\n<ul>\n<li><a href=\"https:\/\/pectinworld.com\/es\/jus-de-grenade-i-kaki\/\">\u00c9volution et stabilit\u00e9 d\u2019un jus fonctionnel \u00e0 base de grenade et de kaki<\/a><\/li>\n<\/ul>\n<p>[\/et_pb_text][\/et_pb_column][\/et_pb_row][et_pb_row _builder_version=\u00bb4.22.1&#8243; _module_preset=\u00bbdefault\u00bb][et_pb_column _builder_version=\u00bb4.22.1&#8243; _module_preset=\u00bbdefault\u00bb type=\u00bb4_4&#8243;][et_pb_code _builder_version=\u00bb4.18.0&#8243; _module_preset=\u00bbdefault\u00bb global_colors_info=\u00bb{}\u00bb]<!-- Yandex.RTB R-A-1961663-4 --><!-- [et_pb_line_break_holder] --><\/p>\n<div id=\"yandex_rtb_R-A-1961663-4\"><\/div>\n<p><!-- [et_pb_line_break_holder] --><script>window.yaContextCb.push(()=>{<!-- [et_pb_line_break_holder] -->  Ya.Context.AdvManager.render({<!-- [et_pb_line_break_holder] -->    renderTo: 'yandex_rtb_R-A-1961663-4',<!-- [et_pb_line_break_holder] -->    blockId: 'R-A-1961663-4'<!-- [et_pb_line_break_holder] -->  })<!-- [et_pb_line_break_holder] -->})<\/script>[\/et_pb_code][\/et_pb_column][\/et_pb_row][\/et_pb_section]<\/p>\n","protected":false},"excerpt":{"rendered":"<p>El zumo tiene un efecto positivo en nuestra inmunidad&#8230;<\/p>\n","protected":false},"author":1,"featured_media":0,"parent":0,"menu_order":0,"comment_status":"closed","ping_status":"closed","template":"","meta":{"_et_pb_use_builder":"on","_et_pb_old_content":"","_et_gb_content_width":"","footnotes":""},"class_list":["post-2652","page","type-page","status-publish"],"_links":{"self":[{"href":"https:\/\/pectinworld.com\/es\/wp-json\/wp\/v2\/pages\/2652","targetHints":{"allow":["GET"]}}],"collection":[{"href":"https:\/\/pectinworld.com\/es\/wp-json\/wp\/v2\/pages"}],"about":[{"href":"https:\/\/pectinworld.com\/es\/wp-json\/wp\/v2\/types\/page"}],"author":[{"embeddable":true,"href":"https:\/\/pectinworld.com\/es\/wp-json\/wp\/v2\/users\/1"}],"replies":[{"embeddable":true,"href":"https:\/\/pectinworld.com\/es\/wp-json\/wp\/v2\/comments?post=2652"}],"version-history":[{"count":25,"href":"https:\/\/pectinworld.com\/es\/wp-json\/wp\/v2\/pages\/2652\/revisions"}],"predecessor-version":[{"id":6825,"href":"https:\/\/pectinworld.com\/es\/wp-json\/wp\/v2\/pages\/2652\/revisions\/6825"}],"wp:attachment":[{"href":"https:\/\/pectinworld.com\/es\/wp-json\/wp\/v2\/media?parent=2652"}],"curies":[{"name":"wp","href":"https:\/\/api.w.org\/{rel}","templated":true}]}}