{"id":2636,"date":"2017-06-10T14:18:49","date_gmt":"2017-06-10T11:18:49","guid":{"rendered":"http:\/\/pectinworld.com\/%d0%bf%d0%b8%d1%89%d0%b5%d0%b2%d1%8b%d0%b5-%d0%b2%d0%be%d0%bb%d0%be%d0%ba%d0%bd%d0%b0\/"},"modified":"2022-11-13T14:55:03","modified_gmt":"2022-11-13T11:55:03","slug":"fibras-dieteticas","status":"publish","type":"page","link":"https:\/\/pectinworld.com\/es\/fibras-dieteticas\/","title":{"rendered":"Fibras diet\u00e9ticas"},"content":{"rendered":"<p>[et_pb_section fb_built=\u00bb1&#8243; custom_padding_last_edited=\u00bbon|desktop\u00bb _builder_version=\u00bb4.16&#8243; background_color=\u00bb#ffffff\u00bb background_image=\u00bbhttps:\/\/pectinworld.com\/wp-content\/uploads\/2016\/07\/pectina-pectine-gelificante.jpg\u00bb parallax=\u00bbon\u00bb parallax_method=\u00bboff\u00bb custom_padding_tablet=\u00bb50px|0|50px|0&#8243; custom_padding_phone=\u00bb\u00bb transparent_background=\u00bboff\u00bb transparent_background_fb=\u00bboff\u00bb padding_mobile=\u00bboff\u00bb global_colors_info=\u00bb{}\u00bb][et_pb_row padding_mobile=\u00bboff\u00bb column_padding_mobile=\u00bbon\u00bb _builder_version=\u00bb4.16&#8243; background_size=\u00bbinitial\u00bb background_position=\u00bbtop_left\u00bb background_repeat=\u00bbrepeat\u00bb global_colors_info=\u00bb{}\u00bb][et_pb_column type=\u00bb4_4&#8243; _builder_version=\u00bb4.16&#8243; custom_padding=\u00bb|||\u00bb global_colors_info=\u00bb{}\u00bb custom_padding__hover=\u00bb|||\u00bb][et_pb_text _builder_version=\u00bb4.16&#8243; text_font=\u00bbTimes New Roman|on|||\u00bb header_font=\u00bbTimes New Roman|on|||\u00bb background_size=\u00bbinitial\u00bb background_position=\u00bbtop_left\u00bb background_repeat=\u00bbrepeat\u00bb custom_margin=\u00bb100px||100px|\u00bb border_style=\u00bbsolid\u00bb global_colors_info=\u00bb{}\u00bb]<\/p>\n<h1 style=\"text-align: center;\"><span style=\"color: #74985a;\">Fibras son productos dieteticos<\/span><\/h1>\n<h3 style=\"text-align: center;\"><span style=\"color: #000000;\">Fibras dieteticas que llevan al exito<\/span><\/h3>\n<h2 style=\"text-align: center;\"><span style=\"color: #000000;\">De la m\u00e1xima calidad<\/span><\/h2>\n<p>[\/et_pb_text][\/et_pb_column][\/et_pb_row][\/et_pb_section][et_pb_section fb_built=\u00bb1&#8243; _builder_version=\u00bb4.16&#8243; background_color=\u00bbrgba(255,255,255,0)\u00bb global_colors_info=\u00bb{}\u00bb][et_pb_row _builder_version=\u00bb4.16&#8243; background_size=\u00bbinitial\u00bb background_position=\u00bbtop_left\u00bb background_repeat=\u00bbrepeat\u00bb global_colors_info=\u00bb{}\u00bb][et_pb_column type=\u00bb4_4&#8243; _builder_version=\u00bb4.16&#8243; custom_padding=\u00bb|||\u00bb global_colors_info=\u00bb{}\u00bb custom_padding__hover=\u00bb|||\u00bb][et_pb_text _builder_version=\u00bb4.16&#8243; border_style=\u00bbsolid\u00bb global_colors_info=\u00bb{}\u00bb]<\/p>\n<h1 style=\"text-align: center;\">Fibras diet\u00e9ticas<\/h1>\n<p>[\/et_pb_text][et_pb_text _builder_version=\u00bb4.19.0&#8243; hover_enabled=\u00bb0&#8243; global_colors_info=\u00bb{}\u00bb sticky_enabled=\u00bb0&#8243;]<\/p>\n<ul>\n<li><a href=\"https:\/\/pectinworld.com\/es\/produccion-de-fibra-y-fibra-con-pectina-modificada-a-partir-de-pulpa-de-limon\/\">Producci\u00f3n de fibra y fibra con pectina modificada a partir de pulpa de lim\u00f3n<\/a><\/li>\n<li><a href=\"https:\/\/pectinworld.com\/es\/registro-ruso-de-tecnologia\/\">Registro ruso de tecnolog\u00eda para la obtenci\u00f3n de fibra diet\u00e9tica y resultados de investigaci\u00f3n. TU 9112-001-05122481-02 (fibra diet\u00e9tica) seg\u00fan la tecnolog\u00eda de Ignatieva G.N.<\/a><\/li>\n<li><a href=\"https:\/\/pectinworld.com\/es\/registro-de-un-complemento-alimenticio\/\">Registro de un complemento alimenticio biol\u00f3gicamente activo seg\u00fan la tecnolog\u00eda de Ignatieva G.N.<\/a><\/li>\n<li><a href=\"https:\/\/pectinworld.com\/es\/biopekt-aditivo-que-contiene-pectina\/\" target=\"_blank\" rel=\"noopener\">\u00abBIOPEKT\u00bb es un aditivo con pectina de pulpa de remolacha. El producto fue recomendado para producci\u00f3n y venta en 2003.<\/a><\/li>\n<li><a href=\"https:\/\/pectinworld.com\/es\/ficha-tecnica-de-fibra-dietetica-biopekt\/\">Ficha t\u00e9cnica de fibra diet\u00e9tica de remolacha TU 9112-001-05122481-02 \u201cBIOPEKT\u201d seg\u00fan la tecnolog\u00eda de Ignatieva G.N.<\/a><\/li>\n<\/ul>\n<p>\u0420\u0443\u0441\u0441\u043a\u0438\u0439<\/p>\n<ul>\n<li><a href=\"https:\/\/pectinworld.com\/es\/%d0%ba%d0%b0%d0%bd%d0%b5%d0%b2%d1%81%d0%ba%d0%be%d0%b9-%d1%81%d0%b0%d1%85%d0%b0%d1%80%d0%bd%d1%8b%d0%b9-%d0%b7%d0%b0%d0%b2%d0%be%d0%b4\/\">\u041f\u0438\u0449\u0435\u0432\u044b\u0435 \u0432\u043e\u043b\u043e\u043a\u043d\u0430 \u2013 \u041a\u0430\u043d\u0435\u0432\u0441\u043a\u043e\u0439 \u0441\u0430\u0445\u0430\u0440\u043d\u044b\u0439 \u0437\u0430\u0432\u043e\u0434<\/a><\/li>\n<li><a href=\"https:\/\/pectinworld.com\/%d0%b2%d0%be%d0%bb%d0%be%d0%ba%d0%bd%d0%b0-%d1%81%d0%b2%d0%b5%d0%ba%d0%bb%d0%be%d0%b2%d0%b8%d1%87%d0%bd%d1%8b%d0%b5-%d0%be%d1%81%d0%b2%d0%b5%d1%82%d0%bb%d0%b5%d0%bd%d0%bd%d1%8b%d0%b5\/\">\u0412\u043e\u043b\u043e\u043a\u043d\u0430 \u0441\u0432\u0435\u043a\u043b\u043e\u0432\u0438\u0447\u043d\u044b\u0435 \u043e\u0441\u0432\u0435\u0442\u043b\u0435\u043d\u043d\u044b\u0435 (\u0438\u0437 \u0441\u0430\u0445\u0430\u0440\u043d\u043e\u0439 \u0441\u0432\u0435\u043a\u043b\u044b) \u0422\u0423 9112-001-05122481-02 \u043f\u043e \u0442\u0435\u0445\u043d\u043e\u043b\u043e\u0433\u0438\u0438 \u0418\u0433\u043d\u0430\u0442\u044c\u0435\u0432\u043e\u0439 \u0413.\u041d.<\/a><\/li>\n<\/ul>\n<p>English<\/p>\n<ul>\n<li><a href=\"https:\/\/pectinworld.com\/es\/analitical-result-of-fibre\/\">Analitical result of fibre<\/a><\/li>\n<li><a href=\"https:\/\/pectinworld.com\/es\/analysis-of-fibre\/\">Analysis of fibre<\/a><\/li>\n<\/ul>\n<p>[\/et_pb_text][\/et_pb_column][\/et_pb_row][et_pb_row _builder_version=\u00bb4.18.0&#8243; _module_preset=\u00bbdefault\u00bb global_colors_info=\u00bb{}\u00bb][et_pb_column type=\u00bb4_4&#8243; _builder_version=\u00bb4.18.0&#8243; _module_preset=\u00bbdefault\u00bb global_colors_info=\u00bb{}\u00bb][et_pb_code _builder_version=\u00bb4.18.0&#8243; _module_preset=\u00bbdefault\u00bb global_colors_info=\u00bb{}\u00bb]<!-- Yandex.RTB R-A-1961663-4 --><!-- [et_pb_line_break_holder] --><\/p>\n<div id=\"yandex_rtb_R-A-1961663-4\"><\/div>\n<p><!-- [et_pb_line_break_holder] --><script>window.yaContextCb.push(()=>{<!-- [et_pb_line_break_holder] -->  Ya.Context.AdvManager.render({<!-- [et_pb_line_break_holder] -->    renderTo: 'yandex_rtb_R-A-1961663-4',<!-- [et_pb_line_break_holder] -->    blockId: 'R-A-1961663-4'<!-- [et_pb_line_break_holder] -->  })<!-- [et_pb_line_break_holder] -->})<\/script>[\/et_pb_code][\/et_pb_column][\/et_pb_row][\/et_pb_section]<\/p>\n","protected":false},"excerpt":{"rendered":"<p>Fibras son productos dieteticos Fibras dieteticas que&#8230;<\/p>\n","protected":false},"author":1,"featured_media":0,"parent":0,"menu_order":0,"comment_status":"closed","ping_status":"closed","template":"","meta":{"_et_pb_use_builder":"on","_et_pb_old_content":"","_et_gb_content_width":"","footnotes":""},"class_list":["post-2636","page","type-page","status-publish"],"_links":{"self":[{"href":"https:\/\/pectinworld.com\/es\/wp-json\/wp\/v2\/pages\/2636","targetHints":{"allow":["GET"]}}],"collection":[{"href":"https:\/\/pectinworld.com\/es\/wp-json\/wp\/v2\/pages"}],"about":[{"href":"https:\/\/pectinworld.com\/es\/wp-json\/wp\/v2\/types\/page"}],"author":[{"embeddable":true,"href":"https:\/\/pectinworld.com\/es\/wp-json\/wp\/v2\/users\/1"}],"replies":[{"embeddable":true,"href":"https:\/\/pectinworld.com\/es\/wp-json\/wp\/v2\/comments?post=2636"}],"version-history":[{"count":17,"href":"https:\/\/pectinworld.com\/es\/wp-json\/wp\/v2\/pages\/2636\/revisions"}],"predecessor-version":[{"id":6004,"href":"https:\/\/pectinworld.com\/es\/wp-json\/wp\/v2\/pages\/2636\/revisions\/6004"}],"wp:attachment":[{"href":"https:\/\/pectinworld.com\/es\/wp-json\/wp\/v2\/media?parent=2636"}],"curies":[{"name":"wp","href":"https:\/\/api.w.org\/{rel}","templated":true}]}}