{"id":3871,"date":"2020-03-22T19:28:09","date_gmt":"2020-03-22T16:28:09","guid":{"rendered":"http:\/\/pectinworld.com\/proyecto_produccion_pectina\/"},"modified":"2023-08-28T21:02:41","modified_gmt":"2023-08-28T18:02:41","slug":"proyecto_produccion_pectina","status":"publish","type":"page","link":"https:\/\/pectinworld.com\/en\/proyecto_produccion_pectina\/","title":{"rendered":"Proyecto de producci\u00f3n de la pectina"},"content":{"rendered":"<p>[et_pb_section fb_built=&#8221;1&#8243; _builder_version=&#8221;4.16&#8243; global_colors_info=&#8221;{}&#8221;][et_pb_row _builder_version=&#8221;4.16&#8243; global_colors_info=&#8221;{}&#8221;][et_pb_column type=&#8221;4_4&#8243; _builder_version=&#8221;4.16&#8243; global_colors_info=&#8221;{}&#8221;][et_pb_code _builder_version=&#8221;4.22.1&#8243; _module_preset=&#8221;default&#8221; global_colors_info=&#8221;{}&#8221;]<\/p>\n<div itemscope itemtype=\"https:\/\/schema.org\/Person\"><!-- [et_pb_line_break_holder] --><a itemprop=\"sameAs\" content=\"ORCID - Galina Ignatyeva\" href=\"https:\/\/orcid.org\/0000-0001-8828-7816\" target=\"orcid.widget\" rel=\"me noopener noreferrer\" style=\"vertical-align:top;\"><!-- [et_pb_line_break_holder] --><img decoding=\"async\" src=\"https:\/\/orcid.org\/sites\/default\/files\/images\/orcid_16x16.png\" style=\"width:1em;margin-right:.5em;\" alt=\"ORCID iD icon\"><!-- [et_pb_line_break_holder] -->ORCID &#8211; Galina Ignatyeva<\/a><\/div>\n<p>[\/et_pb_code][et_pb_text _builder_version=&#8221;4.16&#8243; global_colors_info=&#8221;{}&#8221;]<\/p>\n<h2 style=\"text-align: center;\"><strong>Proyecto de producci\u00f3n de la pectina<\/strong><\/h2>\n<p>&nbsp;<\/p>\n<p>Creaci\u00f3n la primera producci\u00f3n de la pectina industrial en las regionas de Murcia, Alicante, etc (Espa\u00f1a) y la primera producci\u00f3n en Rusia o Kazajist\u00e1n por la tecnolog\u00eda confirmada en la producci\u00f3n de escala industrial a partir de c\u00edtricos, pulpa de remolacha y de la manzana&#8230;<\/p>\n<p>[\/et_pb_text][et_pb_text _builder_version=&#8221;4.22.1&#8243; global_colors_info=&#8221;{}&#8221;]<\/p>\n<p style=\"text-align: right;\"><a href=\"https:\/\/pectinworld.com\/wp-content\/uploads\/2023\/08\/Proyecto-produccion-pectina.pdf\" target=\"_blank\" rel=\"noopener noreferrer\">Ver documento original<\/a><\/p>\n<p>[\/et_pb_text][\/et_pb_column][\/et_pb_row][et_pb_row _builder_version=&#8221;4.22.1&#8243; _module_preset=&#8221;default&#8221; global_colors_info=&#8221;{}&#8221;][et_pb_column type=&#8221;4_4&#8243; _builder_version=&#8221;4.22.1&#8243; _module_preset=&#8221;default&#8221; global_colors_info=&#8221;{}&#8221;][et_pb_code _builder_version=&#8221;4.22.1&#8243; _module_preset=&#8221;default&#8221; global_colors_info=&#8221;{}&#8221;]<!-- Yandex.RTB R-A-1961663-1 --><!-- [et_pb_line_break_holder] --><\/p>\n<div id=\"yandex_rtb_R-A-1961663-1\"><\/div>\n<p><!-- [et_pb_line_break_holder] --><script>window.yaContextCb.push(()=>{<!-- [et_pb_line_break_holder] -->  Ya.Context.AdvManager.render({<!-- [et_pb_line_break_holder] -->    renderTo: 'yandex_rtb_R-A-1961663-1',<!-- [et_pb_line_break_holder] -->    blockId: 'R-A-1961663-1'<!-- [et_pb_line_break_holder] -->  })<!-- [et_pb_line_break_holder] -->})<\/script>[\/et_pb_code][\/et_pb_column][\/et_pb_row][\/et_pb_section]<\/p>\n","protected":false},"excerpt":{"rendered":"<p>ORCID &#8211; Galina Ignatyeva Proyecto de producci\u00f3n de la&#8230;<\/p>\n","protected":false},"author":1,"featured_media":0,"parent":0,"menu_order":0,"comment_status":"closed","ping_status":"closed","template":"","meta":{"_et_pb_use_builder":"on","_et_pb_old_content":"","_et_gb_content_width":"","footnotes":""},"class_list":["post-3871","page","type-page","status-publish"],"_links":{"self":[{"href":"https:\/\/pectinworld.com\/en\/wp-json\/wp\/v2\/pages\/3871","targetHints":{"allow":["GET"]}}],"collection":[{"href":"https:\/\/pectinworld.com\/en\/wp-json\/wp\/v2\/pages"}],"about":[{"href":"https:\/\/pectinworld.com\/en\/wp-json\/wp\/v2\/types\/page"}],"author":[{"embeddable":true,"href":"https:\/\/pectinworld.com\/en\/wp-json\/wp\/v2\/users\/1"}],"replies":[{"embeddable":true,"href":"https:\/\/pectinworld.com\/en\/wp-json\/wp\/v2\/comments?post=3871"}],"version-history":[{"count":7,"href":"https:\/\/pectinworld.com\/en\/wp-json\/wp\/v2\/pages\/3871\/revisions"}],"predecessor-version":[{"id":6678,"href":"https:\/\/pectinworld.com\/en\/wp-json\/wp\/v2\/pages\/3871\/revisions\/6678"}],"wp:attachment":[{"href":"https:\/\/pectinworld.com\/en\/wp-json\/wp\/v2\/media?parent=3871"}],"curies":[{"name":"wp","href":"https:\/\/api.w.org\/{rel}","templated":true}]}}